{"id":5584,"date":"2024-07-08T14:53:55","date_gmt":"2024-07-08T14:53:55","guid":{"rendered":"https:\/\/herpitextile.com\/?post_type=product&#038;p=5584"},"modified":"2025-05-25T12:09:07","modified_gmt":"2025-05-25T12:09:07","slug":"havuz-pike-yesil","status":"publish","type":"product","link":"https:\/\/herpitextile.com\/tr\/urun\/havuz-pike-yesil\/","title":{"rendered":"Havuz Pike \u00d6rg\u00fc Ye\u015fil"},"content":{"rendered":"<p>Havuz Pike \u00d6rme Ye\u015fil<\/p>\n<p>Boyut: 200&#215;220 cm<\/p>\n<p>Koltukta kullanmak, ailenizle en sevdi\u011finiz TV program\u0131n\u0131 izlerken pike kuma\u015f\u0131n s\u0131cakl\u0131\u011f\u0131n\u0131n ve kalitesinin tad\u0131n\u0131 \u00e7\u0131karmak i\u00e7in.<\/p>\n","protected":false},"excerpt":{"rendered":"<p>Havuz Pike \u00d6rme Ye\u015fil ebat 200 x 220 cm<\/p>\n","protected":false},"featured_media":5580,"comment_status":"open","ping_status":"closed","template":"","meta":[],"product_cat":[302,308],"product_tag":[],"class_list":{"0":"post-5584","1":"product","2":"type-product","3":"status-publish","4":"has-post-thumbnail","6":"product_cat-embroidery","7":"product_cat-pique","9":"first","10":"instock","11":"taxable","12":"shipping-taxable","13":"product-type-simple"},"aioseo_notices":[],"_links":{"self":[{"href":"https:\/\/herpitextile.com\/tr\/wp-json\/wp\/v2\/product\/5584","targetHints":{"allow":["GET"]}}],"collection":[{"href":"https:\/\/herpitextile.com\/tr\/wp-json\/wp\/v2\/product"}],"about":[{"href":"https:\/\/herpitextile.com\/tr\/wp-json\/wp\/v2\/types\/product"}],"replies":[{"embeddable":true,"href":"https:\/\/herpitextile.com\/tr\/wp-json\/wp\/v2\/comments?post=5584"}],"wp:featuredmedia":[{"embeddable":true,"href":"https:\/\/herpitextile.com\/tr\/wp-json\/wp\/v2\/media\/5580"}],"wp:attachment":[{"href":"https:\/\/herpitextile.com\/tr\/wp-json\/wp\/v2\/media?parent=5584"}],"wp:term":[{"taxonomy":"product_cat","embeddable":true,"href":"https:\/\/herpitextile.com\/tr\/wp-json\/wp\/v2\/product_cat?post=5584"},{"taxonomy":"product_tag","embeddable":true,"href":"https:\/\/herpitextile.com\/tr\/wp-json\/wp\/v2\/product_tag?post=5584"}],"curies":[{"name":"wp","href":"https:\/\/api.w.org\/{rel}","templated":true}]}}