{"id":5395,"date":"2024-06-28T10:11:02","date_gmt":"2024-06-28T10:11:02","guid":{"rendered":"https:\/\/herpitextile.com\/?post_type=product&#038;p=5395"},"modified":"2026-02-28T17:42:10","modified_gmt":"2026-02-28T17:42:10","slug":"nevresim-takimi-modern-siyah-beyaz-zikzakli-1399","status":"publish","type":"product","link":"https:\/\/herpitextile.com\/tr\/urun\/nevresim-takimi-modern-siyah-beyaz-zikzakli-1399\/","title":{"rendered":"Nevresim Tak\u0131m\u0131 Modern Siyah Beyaz Zikzakl\u0131 Desen Ranforce Selonya"},"content":{"rendered":"<p>Siyah beyaz b\u00fcy\u00fck zigzagl\u0131 nevresim tak\u0131m\u0131n\u0131n zarif tasar\u0131m\u0131, bir\u00e7ok zevke ve ya\u015f grubuna uygun kullan\u0131ma olanak tan\u0131yor. Bu modern <a href=\"https:\/\/herpitextile.com\/tr\/shop\/nevresim-takimlari\/\">nevresim tak\u0131m\u0131n\u0131<\/a> gen\u00e7 k\u0131z ve erkek \u00e7ocuklar\u0131n yan\u0131 s\u0131ra erkek ve kad\u0131n yeti\u015fkinler de kullanabilir. Yast\u0131k k\u0131l\u0131flar\u0131 ve nevresim ayn\u0131 tasar\u0131ma sahip olup, onlarla dinlenerek kendinizi rahat ve rahat hissedeceksiniz.<\/p>\n<p>Nevresim tak\u0131m\u0131n\u0131n iki boyutu vard\u0131r:<\/p>\n<ul>\n<li>tek ki\u015filik nevresim tak\u0131m\u0131<\/li>\n<li>\u00e7ift \u200b\u200bki\u015filik nevresim tak\u0131m\u0131<\/li>\n<\/ul>\n<p>\u0130htiyac\u0131n\u0131za g\u00f6re do\u011fru boyutu se\u00e7ebilirsiniz.<\/p>\n<p>&nbsp;<\/p>\n<h3>Nevresim Tak\u0131m\u0131 fiyatlar\u0131<\/h3>\n<p>Fiyat i\u00e7in bizimle ileti\u015fime ge\u00e7ebilir veya ihtiyac\u0131n\u0131z olan adette sipari\u015f verebilirsiniz. En k\u0131sa s\u00fcrede size en uygun fiyatla geri d\u00f6n\u00fc\u015f yapaca\u011f\u0131z.<\/p>\n","protected":false},"excerpt":{"rendered":"<p>Herpi Tekstil Nevresim Tak\u0131m\u0131 Modern Siyah &amp; Beyaz Zikzakl\u0131 Desen &#8211; Model 1399<\/p>\n","protected":false},"featured_media":5396,"comment_status":"open","ping_status":"closed","template":"","meta":[],"product_cat":[212,220],"product_tag":[538,539,537,536],"class_list":{"0":"post-5395","1":"product","2":"type-product","3":"status-publish","4":"has-post-thumbnail","6":"product_cat-nevresim","7":"product_cat-ranforce-nevresim","8":"product_tag-beyaz","9":"product_tag-modern","10":"product_tag-siyah","11":"product_tag-zikzakli","12":"product_shipping_class-nearby","14":"first","15":"instock","16":"featured","17":"taxable","18":"shipping-taxable","19":"purchasable","20":"product-type-simple"},"aioseo_notices":[],"_links":{"self":[{"href":"https:\/\/herpitextile.com\/tr\/wp-json\/wp\/v2\/product\/5395","targetHints":{"allow":["GET"]}}],"collection":[{"href":"https:\/\/herpitextile.com\/tr\/wp-json\/wp\/v2\/product"}],"about":[{"href":"https:\/\/herpitextile.com\/tr\/wp-json\/wp\/v2\/types\/product"}],"replies":[{"embeddable":true,"href":"https:\/\/herpitextile.com\/tr\/wp-json\/wp\/v2\/comments?post=5395"}],"wp:featuredmedia":[{"embeddable":true,"href":"https:\/\/herpitextile.com\/tr\/wp-json\/wp\/v2\/media\/5396"}],"wp:attachment":[{"href":"https:\/\/herpitextile.com\/tr\/wp-json\/wp\/v2\/media?parent=5395"}],"wp:term":[{"taxonomy":"product_cat","embeddable":true,"href":"https:\/\/herpitextile.com\/tr\/wp-json\/wp\/v2\/product_cat?post=5395"},{"taxonomy":"product_tag","embeddable":true,"href":"https:\/\/herpitextile.com\/tr\/wp-json\/wp\/v2\/product_tag?post=5395"}],"curies":[{"name":"wp","href":"https:\/\/api.w.org\/{rel}","templated":true}]}}