{"id":5232,"date":"2021-10-01T10:42:01","date_gmt":"2021-10-01T10:42:01","guid":{"rendered":"https:\/\/herpitextile.com\/product\/bed-set-printed-satin-23380\/"},"modified":"2025-05-26T06:51:41","modified_gmt":"2025-05-26T06:51:41","slug":"nevresim-takimi-tuyler-satin","status":"publish","type":"product","link":"https:\/\/herpitextile.com\/tr\/urun\/nevresim-takimi-tuyler-satin\/","title":{"rendered":"Nevresim Tak\u0131m\u0131 Saten T\u00fcyler"},"content":{"rendered":"<div class=\"wpb-content-wrapper\"><p>[vc_row full_width=&#8221;stretch_row_content&#8221; reverse_tab=&#8221;true&#8221; reverse_mob=&#8221;true&#8221; gap=&#8221;40&#8243; content_placement=&#8221;middle&#8221; element_id=&#8221;13471&#8243;][vc_column animation_delay=&#8221;0&#8243; element_id=&#8221;528187&#8243; offset=&#8221;vc_col-lg-6 vc_col-md-6 vc_col-xs-12&#8243; crp=&#8221;374:i:i,375-767:i:i,768-1023:i:i,1024-1279:i:i,1280-1599:i:i,1600-1919:i:i&#8221;]<h3 class=\"et-heading text-align-left highlight-false icon-position-left\" id=\"et-heading-47377\" data-374-f=\"21\" data-374-lh=\"30\"><span class=\"text-wrapper\"><span class=\"text\">Nevresim Tak\u0131m\u0131 100% Pamuk Saten Herpi Kuma\u015f Kodu 23380<\/span><span class=\"curtain\"><\/span><\/span><\/h3>[vc_column_text animation_delay=&#8221;0&#8243;]Pamuk Saten (Bask\u0131l\u0131 Saten) kuma\u015ftan yap\u0131lm\u0131\u015f T\u00fcrk <a href=\"https:\/\/herpitextile.com\/tr\/shop\/nevresim-takimlari\/\">Nevresim Tak\u0131m\u0131,<\/a>\u00a0bej renk ve desen olarak krem, gri, mor ve ye\u015fil t\u00fcylerden olu\u015fmaktad\u0131r. Herpi Yatak Tak\u0131mlar\u0131, T\u00fcrkiye&#8217;de \u00fcretilen \u00c7elik Tekstil taraf\u0131ndan \u00fcretilen en kaliteli kuma\u015flardan \u00fcretilmi\u015ftir.[\/vc_column_text][\/vc_column][vc_column animation_delay=&#8221;0&#8243; element_id=&#8221;843579&#8243; offset=&#8221;vc_col-lg-6 vc_col-md-6 vc_col-xs-12&#8243; crp=&#8221;374:i:i,375-767:i:i,768-1023:i:i,1024-1279:i:i,1280-1599:i:i,1600-1919:i:i&#8221;]<div id=\"et-image-656552\" style=\"width:1400px;max-height:1050px;\" class=\"et-image aligncenter border-radius-false animate-false\" ><div style=\"max-width:1400px;max-height:1050px;\" class=\"lazy-inline-image\"><img decoding=\"async\" class=\"lazy\" src=\"data:image\/gif;base64,R0lGODlhAQABAIAAAP\/\/\/wAAACH5BAEAAAAALAAAAAABAAEAAAICRAEAOw==\" width=\"1400\" height=\"1050\" data-src=\"https:\/\/herpitextile.com\/wp-content\/uploads\/2021\/10\/23380-BEJ.jpg\" alt=\"Bed Set Printed Satin Beige\" \/><svg class=\"media-placeholder\" viewBox=\"0 0 1400 1050\"><path d=\"M0,0H1400V1050H0V0Z\" \/><\/svg><svg class=\"placeholder\" viewBox=\"0 0 20 4\"><circle cx=\"2\" cy=\"2\" r=\"2\" \/><circle cx=\"10\" cy=\"2\" r=\"2\" \/><circle cx=\"18\" cy=\"2\" r=\"2\" \/><\/svg><\/div><\/div><span class=\"et-gap et-clearfix et-gap-137118 hide1024\"><\/span>[\/vc_column][\/vc_row]<\/p>\n<\/div>","protected":false},"excerpt":{"rendered":"<p>Herpi nevresim tak\u0131m\u0131n\u0131n en g\u00fczel modellerinden biri. Deseni t\u00fcyl\u00fc ve 3 renk olmas\u0131 zevkinize uygun kombinasyonu bulman\u0131z\u0131 sa\u011flar. Tasar\u0131m biraz kad\u0131ns\u0131 ama erkek ve kad\u0131n taraf\u0131ndan kullan\u0131labilir. Yumu\u015fac\u0131k yast\u0131klar\u0131n\u0131z i\u00e7in harika k\u0131l\u0131flar ve yumu\u015fac\u0131k nevresimler, yatak odan\u0131zda g\u00fczel bir uyku \u00e7ekmenizi sa\u011flar.<\/p>\n","protected":false},"featured_media":4651,"comment_status":"open","ping_status":"closed","template":"","meta":[],"product_cat":[212,214],"product_tag":[],"class_list":{"0":"post-5232","1":"product","2":"type-product","3":"status-publish","4":"has-post-thumbnail","6":"product_cat-nevresim","7":"product_cat-pamuk","9":"first","10":"instock","11":"featured","12":"taxable","13":"shipping-taxable","14":"purchasable","15":"product-type-variable"},"aioseo_notices":[],"_links":{"self":[{"href":"https:\/\/herpitextile.com\/tr\/wp-json\/wp\/v2\/product\/5232","targetHints":{"allow":["GET"]}}],"collection":[{"href":"https:\/\/herpitextile.com\/tr\/wp-json\/wp\/v2\/product"}],"about":[{"href":"https:\/\/herpitextile.com\/tr\/wp-json\/wp\/v2\/types\/product"}],"replies":[{"embeddable":true,"href":"https:\/\/herpitextile.com\/tr\/wp-json\/wp\/v2\/comments?post=5232"}],"wp:featuredmedia":[{"embeddable":true,"href":"https:\/\/herpitextile.com\/tr\/wp-json\/wp\/v2\/media\/4651"}],"wp:attachment":[{"href":"https:\/\/herpitextile.com\/tr\/wp-json\/wp\/v2\/media?parent=5232"}],"wp:term":[{"taxonomy":"product_cat","embeddable":true,"href":"https:\/\/herpitextile.com\/tr\/wp-json\/wp\/v2\/product_cat?post=5232"},{"taxonomy":"product_tag","embeddable":true,"href":"https:\/\/herpitextile.com\/tr\/wp-json\/wp\/v2\/product_tag?post=5232"}],"curies":[{"name":"wp","href":"https:\/\/api.w.org\/{rel}","templated":true}]}}