{"id":5862,"date":"2024-07-12T11:53:42","date_gmt":"2024-07-12T11:53:42","guid":{"rendered":"https:\/\/herpitextile.com\/?page_id=5862"},"modified":"2024-07-12T11:56:37","modified_gmt":"2024-07-12T11:56:37","slug":"selonya","status":"publish","type":"page","link":"https:\/\/herpitextile.com\/tr\/about-us\/selonya\/","title":{"rendered":"Selonya Home"},"content":{"rendered":"<div class=\"wpb-content-wrapper\"><p>[vc_row reverse_tab=&#8221;true&#8221; reverse_mob=&#8221;true&#8221; gap=&#8221;0&#8243; equal_height=&#8221;yes&#8221; content_placement=&#8221;middle&#8221; element_id=&#8221;775508&#8243; css=&#8221;.vc_custom_1717570766601{margin-top: 50px !important;margin-bottom: 50px !important;}&#8221; el_id=&#8221;service1&#8243;][vc_column animation_delay=&#8221;0&#8243; element_id=&#8221;529279&#8243; css=&#8221;.vc_custom_1636467202014{padding-right: 72px !important;}&#8221; crp=&#8221;374:i:0,375-767:i:i,768-1023:i:i,1024-1279:i:i,1280-1599:i:i,1600-1919:i:i&#8221; offset=&#8221;vc_col-lg-6 vc_col-md-6 vc_col-xs-12&#8243;]<span class=\"et-gap et-clearfix et-gap-67262 hide768\"><\/span><span class=\"et-gap et-clearfix et-gap-68912 hide767 hide1024\"><\/span><div id=\"et-stagger-box-1\" class=\"et-stagger-box et-stagger-box-1\" data-delay=\"0\" data-interval=\"50\" data-stagger=\"right\"><div class=\"content\"><h1 class=\"et-heading text-align-left highlight-false icon-position-left\" id=\"et-heading-392646\" data-374-f=\"30\" data-374-lh=\"37\" data-375-767-f=\"31\" data-375-767-lh=\"38\" data-1024-1279-f=\"40\" data-1024-1279-lh=\"44\"><span class=\"text-wrapper\"><span class=\"text\">Selonya Kuma\u015flar\u0131<\/span><span class=\"curtain\"><\/span><\/span><\/h1><span class=\"et-gap et-clearfix et-gap-512120 hide768-1023 hide1280\"><\/span><span class=\"et-gap et-clearfix et-gap-727944 hide767 hide1024-1279\"><\/span><p class=\"et-heading text-align-left highlight-false icon-position-left\" id=\"et-heading-761487\" ><span class=\"text-wrapper\"><span class=\"text\">Herpi Tekstil, Selonya kuma\u015flar\u0131n\u0131 kullanarak haz\u0131r ev tekstili \u00fcr\u00fcnleri \u00fcretiyor<\/span><span class=\"curtain\"><\/span><\/span><\/p><span class=\"et-gap et-clearfix et-gap-718035 hide768-1023 hide1280\"><\/span><span class=\"et-gap et-clearfix et-gap-565553 hide767 hide1024-1279\"><\/span>[vc_raw_html]JTNDYSUyMGlkJTNEJTIyZXQtYnV0dG9uLTY3OTQxJTIyJTIwY2xhc3MlM0QlMjJldC1idXR0b24lMjBpY29uLXBvc2l0aW9uLWxlZnQlMjBtb2RhbC1mYWxzZSUyMGhvdmVyLXNjYWxlJTIwc21vb3RoLWZhbHNlJTIwc2hhZG93LWZhbHNlJTIwbm9uZSUyMGRlZmF1bHQlMjBub3JtYWwlMjBtZWRpdW0lMjIlMjB0YXJnZXQlM0QlMjJfYmxhbmslMjIlMjByZWwlM0QlMjJub2ZvbGxvdyUyMiUyMGhyZWYlM0QlMjJodHRwcyUzQSUyRiUyRnd3dy5zZWxvbnlhLmNvbSUyRiUyMiUyMGRhdGEtZWZmZWN0JTNEJTIyc2NhbGUlMjIlMjBzdHlsZSUzRCUyMm9wYWNpdHklM0ElMjAxJTNCJTIwdHJhbnNmb3JtJTNBJTIwdHJhbnNsYXRlJTI4MHB4JTJDJTIwMHB4JTI5JTNCJTIyJTNFJTNDc3BhbiUyMGNsYXNzJTNEJTIydGV4dCUyMiUzRVNlbG9ueWEuY29tJTIwJTI3dSUyMHppeWFyZXQlMjBlZGluJTNDJTJGc3BhbiUzRSUzQ3NwYW4lMjBjbGFzcyUzRCUyMmJ1dHRvbi1iYWNrJTIyJTNFJTNDc3BhbiUyMGNsYXNzJTNEJTIycmVndWxhciUyMiUyMHN0eWxlJTNEJTIydHJhbnNmb3JtJTNBJTIwdHJhbnNsYXRlJTI4MHB4JTJDJTIwMHB4JTI5JTNCJTIyJTNFJTNDJTJGc3BhbiUzRSUzQyUyRnNwYW4lM0UlM0MlMkZhJTNFJTBBJTNDc3R5bGUlM0UlMjNldC1idXR0b24tNjc5NDElMjAlN0IlMEElMjAlMjAlMjAlMjBoZWlnaHQlM0ElMjA0NnB4JTNCJTBBJTIwJTIwJTIwJTIwcGFkZGluZy10b3AlM0ElMjAwJTNCJTBBJTIwJTIwJTIwJTIwcGFkZGluZy1ib3R0b20lM0ElMjAwJTNCJTBBJTIwJTIwJTIwJTIwZm9udC1zaXplJTNBJTIwMjBweCUyMCUyMWltcG9ydGFudCUzQiUwQSUyMCUyMCUyMCUyMGZvbnQtd2VpZ2h0JTNBJTIwNTAwJTNCJTBBJTIwJTIwJTIwJTIwbGluZS1oZWlnaHQlM0ElMjAyMnB4JTIwJTIxaW1wb3J0YW50JTNCJTBBJTIwJTIwJTIwJTIwdGV4dC10cmFuc2Zvcm0lM0ElMjBub25lJTNCJTBBJTIwJTIwJTIwJTIwY29sb3IlM0ElMjAlMjNmZmZmZmYlM0IlMEElN0QlMEElMjNldC1idXR0b24tNjc5NDElMjAucmVndWxhciUyMCU3QiUwQSUyMCUyMCUyMCUyMGJhY2tncm91bmQlM0ElMjAlMjNkYzJhMmElM0IlMEElN0QlMEElM0MlMkZzdHlsZSUzRQ==[\/vc_raw_html]<\/div><\/div>[\/vc_column][vc_column animation_delay=&#8221;0&#8243; element_id=&#8221;776479&#8243; element_css=&#8221;.vc-column-776479 .parallax-container {background-image:url(https:\/\/herpitextile.com\/wp-content\/uploads\/2024\/07\/Selonya_Logo.jpg);}&#8221; parallax=&#8221;true&#8221; crp=&#8221;374:i:i,375-767:i:i,768-1023:i:i,1024-1279:i:i,1280-1599:i:i,1600-1919:i:i&#8221; parallax_duration_bg=&#8221;30&#8243; offset=&#8221;vc_col-lg-6 vc_col-md-6 vc_col-xs-12&#8243; parallax_image=&#8221;5833&#8243;]<span class=\"et-gap et-clearfix et-gap-341696 hide767 hide1024-1279\"><\/span><span class=\"et-gap et-clearfix et-gap-363757 hide767 hide768-1023 hide1280\"><\/span><span class=\"et-gap et-clearfix et-gap-780466 hide768\"><\/span>[\/vc_column][\/vc_row][vc_row][vc_column]<h2 class=\"et-heading text-align-left highlight-false icon-position-left\" id=\"et-heading-4376\" data-374-f=\"30\" data-374-lh=\"37\" data-375-767-f=\"31\" data-375-767-lh=\"38\" data-1024-1279-f=\"40\" data-1024-1279-lh=\"44\"><span class=\"text-wrapper\"><span class=\"text\">Selonya Fabrics kimdir?<\/span><span class=\"curtain\"><\/span><\/span><\/h2>[vc_column_text animation_delay=&#8221;0&#8243;]Selonya, 1939 y\u0131l\u0131ndan bu yana \u0130stanbul&#8217;un en \u00fcnl\u00fc tekstil \u00fcreticisi ve ihracat\u00e7\u0131lar\u0131ndan biri olan \u00c7elik Tekstil&#8217;in bir markas\u0131d\u0131r.<\/p>\n<p>Selonya, \u015fa\u015f\u0131rt\u0131c\u0131 kalitesi ve tasar\u0131m ve model \u00e7e\u015fitlili\u011fi sayesinde T\u00fcrk tekstilinin en pop\u00fcler markalar\u0131ndan biri haline geldi. Selonya kuma\u015flar\u0131 toptan olarak sat\u0131n al\u0131n\u0131yor ve 40&#8217;tan fazla \u00fclkeye ihra\u00e7 ediliyor.<\/p>\n<p>Selonya uzmanlar\u0131 \u0130ngilizce, Arap\u00e7a, Rus\u00e7a, Ukraynaca, Romence, Fars\u00e7a ve T\u00fcrk\u00e7e konu\u015fmaktad\u0131r.<\/p>\n<p>T\u00fcm bu \u00fclkelerden her g\u00fcn \u00e7ok say\u0131da sipari\u015f i\u015fleniyor ve zaman\u0131nda teslim ediliyor.[\/vc_column_text][\/vc_column][\/vc_row][vc_row element_id=&#8221;85137&#8243; element_css=&#8221;.vc-row-85137 .fixed-container {background-image:url(https:\/\/herpitextile.com\/wp-content\/uploads\/2024\/07\/SELONYA_FABRIC_ROLL.jpg);}&#8221; fixed_bg=&#8221;true&#8221; css=&#8221;.vc_custom_1720779433497{margin-top: 50px !important;padding-top: 48px !important;padding-bottom: 48px !important;}&#8221; fixed_bg_image=&#8221;5814&#8243;][vc_column animation_delay=&#8221;0&#8243; element_id=&#8221;314905&#8243; el_class=&#8221;text767-align-center&#8221; crp=&#8221;374:i:i,375-767:i:i,768-1023:i:i,1024-1279:i:i,1280-1599:i:i,1600-1919:i:i&#8221;]<span class=\"et-gap et-clearfix et-gap-607894 hide767\"><\/span><div id=\"et-stagger-box-2\" class=\"et-stagger-box et-stagger-box-2\" data-delay=\"0\" data-interval=\"50\" data-stagger=\"right\"><div class=\"content\"><span class=\"et-gap et-clearfix et-gap-834271 hide768\"><\/span><span class=\"et-gap et-clearfix et-gap-366475 hide767\"><\/span><span class=\"et-gap et-clearfix et-gap-994972\"><\/span><\/div><\/div><span class=\"et-gap et-clearfix et-gap-607894 hide767\"><\/span>[\/vc_column][\/vc_row][vc_row element_id=&#8221;604505&#8243; css=&#8221;.vc_custom_1720779412568{margin-top: 50px !important;}&#8221;][vc_column]<h3 class=\"et-heading text-align-left highlight-false icon-position-left\" id=\"et-heading-611236\" data-374-f=\"30\" data-374-lh=\"37\" data-375-767-f=\"31\" data-375-767-lh=\"38\" data-1024-1279-f=\"40\" data-1024-1279-lh=\"44\"><span class=\"text-wrapper\"><span class=\"text\">Selonya \/ Herpi Tekstil Ba\u011flant\u0131s\u0131<\/span><span class=\"curtain\"><\/span><\/span><\/h3>[vc_column_text animation_delay=&#8221;0&#8243;]Herpi Tekstil, \u00c7elik Tekstil&#8217;in <a href=\"https:\/\/herpitextile.com\/tr\/shop\/nevresim-takimlari\/\">Nevresim Tak\u0131mlar\u0131<\/a>, Pike Tak\u0131mlar\u0131, Otel \u00dcr\u00fcnleri vb. mamullerin toptan sat\u0131\u015f\u0131n\u0131 yapan bir \u015fubesidir.<\/p>\n<p>Bitmi\u015f \u00fcr\u00fcnler Selonya kuma\u015flar\u0131ndan \u00fcretilmektedir.<\/p>\n<p>Ancak m\u00fc\u015fteri kuma\u015f\u0131n kendisine ilgi duyuyorsa, de\u011ferli m\u00fc\u015fterilerimizi geni\u015f desen ve kuma\u015f yelpazesine g\u00f6z atmalar\u0131 i\u00e7in Selonya.com&#8217;u ziyaret etmeye y\u00f6nlendirmekten mutluluk duyar\u0131z.[\/vc_column_text][\/vc_column][\/vc_row][vc_row element_id=&#8221;179081&#8243; css=&#8221;.vc_custom_1717676865424{margin-top: 100px !important;}&#8221;][vc_column]<h3 class=\"et-heading text-align-center highlight-false icon-position-left\" id=\"et-heading-645372\" ><span class=\"text-wrapper\"><span class=\"text\">Selonya&#8217;y\u0131 Instagram&#8217;da takip edin <a style=\"text-decoration: underline;\" href=\"https:\/\/www.instagram.com\/selonyafabrics\/\" target=\"_new\" rel=\"nofollow noopener\">@selonyafabrics<\/a><\/span><span class=\"curtain\"><\/span><\/span><\/h3><div class=\"insta-placeholder-grid\"><div><div style=\"max-width:200px;max-height:200px;\" class=\"lazy-inline-image\"><img decoding=\"async\" class=\"lazy\" src=\"data:image\/gif;base64,R0lGODlhAQABAIAAAP\/\/\/wAAACH5BAEAAAAALAAAAAABAAEAAAICRAEAOw==\" width=\"200\" height=\"200\" data-src=\"https:\/\/herpitextile.com\/wp-content\/uploads\/2024\/06\/herpihome_1.jpg\" alt=\"herpihome turkish textile instagram channel\" \/><svg class=\"media-placeholder\" viewBox=\"0 0 200 200\"><path d=\"M0,0H200V200H0V0Z\" \/><\/svg><svg class=\"placeholder\" viewBox=\"0 0 20 4\"><circle cx=\"2\" cy=\"2\" r=\"2\" \/><circle cx=\"10\" cy=\"2\" r=\"2\" \/><circle cx=\"18\" cy=\"2\" r=\"2\" \/><\/svg><\/div><\/div><div><div style=\"max-width:200px;max-height:200px;\" class=\"lazy-inline-image\"><img decoding=\"async\" class=\"lazy\" src=\"data:image\/gif;base64,R0lGODlhAQABAIAAAP\/\/\/wAAACH5BAEAAAAALAAAAAABAAEAAAICRAEAOw==\" width=\"200\" height=\"200\" data-src=\"https:\/\/herpitextile.com\/wp-content\/uploads\/2024\/06\/herpihome_2.jpg\" alt=\"herpihome turkish textile instagram channel\" \/><svg class=\"media-placeholder\" viewBox=\"0 0 200 200\"><path d=\"M0,0H200V200H0V0Z\" \/><\/svg><svg class=\"placeholder\" viewBox=\"0 0 20 4\"><circle cx=\"2\" cy=\"2\" r=\"2\" \/><circle cx=\"10\" cy=\"2\" r=\"2\" \/><circle cx=\"18\" cy=\"2\" r=\"2\" \/><\/svg><\/div><\/div><div><div style=\"max-width:200px;max-height:200px;\" class=\"lazy-inline-image\"><img decoding=\"async\" class=\"lazy\" src=\"data:image\/gif;base64,R0lGODlhAQABAIAAAP\/\/\/wAAACH5BAEAAAAALAAAAAABAAEAAAICRAEAOw==\" width=\"200\" height=\"200\" data-src=\"https:\/\/herpitextile.com\/wp-content\/uploads\/2024\/06\/herpihome_4.jpg\" alt=\"herpihome turkish textile instagram channel\" \/><svg class=\"media-placeholder\" viewBox=\"0 0 200 200\"><path d=\"M0,0H200V200H0V0Z\" \/><\/svg><svg class=\"placeholder\" viewBox=\"0 0 20 4\"><circle cx=\"2\" cy=\"2\" r=\"2\" \/><circle cx=\"10\" cy=\"2\" r=\"2\" \/><circle cx=\"18\" cy=\"2\" r=\"2\" \/><\/svg><\/div><\/div><div><div style=\"max-width:200px;max-height:200px;\" class=\"lazy-inline-image\"><img decoding=\"async\" class=\"lazy\" src=\"data:image\/gif;base64,R0lGODlhAQABAIAAAP\/\/\/wAAACH5BAEAAAAALAAAAAABAAEAAAICRAEAOw==\" width=\"200\" height=\"200\" data-src=\"https:\/\/herpitextile.com\/wp-content\/uploads\/2024\/06\/herpihome_3.jpg\" alt=\"herpihome turkish textile instagram channel\" \/><svg class=\"media-placeholder\" viewBox=\"0 0 200 200\"><path d=\"M0,0H200V200H0V0Z\" \/><\/svg><svg class=\"placeholder\" viewBox=\"0 0 20 4\"><circle cx=\"2\" cy=\"2\" r=\"2\" \/><circle cx=\"10\" cy=\"2\" r=\"2\" \/><circle cx=\"18\" cy=\"2\" r=\"2\" \/><\/svg><\/div><\/div><div><div style=\"max-width:200px;max-height:200px;\" class=\"lazy-inline-image\"><img decoding=\"async\" class=\"lazy\" src=\"data:image\/gif;base64,R0lGODlhAQABAIAAAP\/\/\/wAAACH5BAEAAAAALAAAAAABAAEAAAICRAEAOw==\" width=\"200\" height=\"200\" data-src=\"https:\/\/herpitextile.com\/wp-content\/uploads\/2024\/06\/herpihome_5.jpg\" alt=\"herpihome turkish textile instagram channel\" \/><svg class=\"media-placeholder\" viewBox=\"0 0 200 200\"><path d=\"M0,0H200V200H0V0Z\" \/><\/svg><svg class=\"placeholder\" viewBox=\"0 0 20 4\"><circle cx=\"2\" cy=\"2\" r=\"2\" \/><circle cx=\"10\" cy=\"2\" r=\"2\" \/><circle cx=\"18\" cy=\"2\" r=\"2\" \/><\/svg><\/div><\/div><div><div style=\"max-width:200px;max-height:200px;\" class=\"lazy-inline-image\"><img decoding=\"async\" class=\"lazy\" src=\"data:image\/gif;base64,R0lGODlhAQABAIAAAP\/\/\/wAAACH5BAEAAAAALAAAAAABAAEAAAICRAEAOw==\" width=\"200\" height=\"200\" data-src=\"https:\/\/herpitextile.com\/wp-content\/uploads\/2024\/06\/herpihome_6.jpg\" alt=\"herpihome turkish textile instagram channel\" \/><svg class=\"media-placeholder\" viewBox=\"0 0 200 200\"><path d=\"M0,0H200V200H0V0Z\" \/><\/svg><svg class=\"placeholder\" viewBox=\"0 0 20 4\"><circle cx=\"2\" cy=\"2\" r=\"2\" \/><circle cx=\"10\" cy=\"2\" r=\"2\" \/><circle cx=\"18\" cy=\"2\" r=\"2\" \/><\/svg><\/div><\/div><\/div><span class=\"et-gap et-clearfix et-gap-293567 hide767\"><\/span>[\/vc_column][\/vc_row]<\/p>\n<\/div>","protected":false},"excerpt":{"rendered":"<p>[vc_row reverse_tab=&#8221;true&#8221; reverse_mob=&#8221;true&#8221; gap=&#8221;0&#8243; equal_height=&#8221;yes&#8221; content_placement=&#8221;middle&#8221; element_id=&#8221;775508&#8243; css=&#8221;.vc_custom_1717570766601{margin-top: 50px !important;margin-bottom: 50px !important;}&#8221; el_id=&#8221;service1&#8243;][vc_column animation_delay=&#8221;0&#8243; element_id=&#8221;529279&#8243; css=&#8221;.vc_custom_1636467202014{padding-right: 72px !important;}&#8221; crp=&#8221;374:i:0,375-767:i:i,768-1023:i:i,1024-1279:i:i,1280-1599:i:i,1600-1919:i:i&#8221; offset=&#8221;vc_col-lg-6 vc_col-md-6 vc_col-xs-12&#8243;][\/vc_column][vc_column animation_delay=&#8221;0&#8243; element_id=&#8221;776479&#8243; element_css=&#8221;.vc-column-776479 .parallax-container {background-image:url(https:\/\/herpitextile.com\/wp-content\/uploads\/2024\/07\/Selonya_Logo.jpg);}&#8221; parallax=&#8221;true&#8221; crp=&#8221;374:i:i,375-767:i:i,768-1023:i:i,1024-1279:i:i,1280-1599:i:i,1600-1919:i:i&#8221; parallax_duration_bg=&#8221;30&#8243; offset=&#8221;vc_col-lg-6 vc_col-md-6 vc_col-xs-12&#8243; parallax_image=&#8221;5833&#8243;][\/vc_column][\/vc_row][vc_row][vc_column][vc_column_text animation_delay=&#8221;0&#8243;]Selonya, 1939 y\u0131l\u0131ndan bu yana \u0130stanbul&#8217;un en \u00fcnl\u00fc tekstil \u00fcreticisi ve ihracat\u00e7\u0131lar\u0131ndan biri olan \u00c7elik Tekstil&#8217;in bir markas\u0131d\u0131r. Selonya, \u015fa\u015f\u0131rt\u0131c\u0131 kalitesi [&hellip;]<\/p>\n","protected":false},"author":1,"featured_media":5833,"parent":5149,"menu_order":0,"comment_status":"closed","ping_status":"closed","template":"","meta":{"footnotes":""},"class_list":["post-5862","page","type-page","status-publish","has-post-thumbnail","hentry"],"aioseo_notices":[],"_links":{"self":[{"href":"https:\/\/herpitextile.com\/tr\/wp-json\/wp\/v2\/pages\/5862","targetHints":{"allow":["GET"]}}],"collection":[{"href":"https:\/\/herpitextile.com\/tr\/wp-json\/wp\/v2\/pages"}],"about":[{"href":"https:\/\/herpitextile.com\/tr\/wp-json\/wp\/v2\/types\/page"}],"author":[{"embeddable":true,"href":"https:\/\/herpitextile.com\/tr\/wp-json\/wp\/v2\/users\/1"}],"replies":[{"embeddable":true,"href":"https:\/\/herpitextile.com\/tr\/wp-json\/wp\/v2\/comments?post=5862"}],"version-history":[{"count":8,"href":"https:\/\/herpitextile.com\/tr\/wp-json\/wp\/v2\/pages\/5862\/revisions"}],"predecessor-version":[{"id":5888,"href":"https:\/\/herpitextile.com\/tr\/wp-json\/wp\/v2\/pages\/5862\/revisions\/5888"}],"up":[{"embeddable":true,"href":"https:\/\/herpitextile.com\/tr\/wp-json\/wp\/v2\/pages\/5149"}],"wp:featuredmedia":[{"embeddable":true,"href":"https:\/\/herpitextile.com\/tr\/wp-json\/wp\/v2\/media\/5833"}],"wp:attachment":[{"href":"https:\/\/herpitextile.com\/tr\/wp-json\/wp\/v2\/media?parent=5862"}],"curies":[{"name":"wp","href":"https:\/\/api.w.org\/{rel}","templated":true}]}}