{"id":5427,"date":"2024-07-03T08:19:37","date_gmt":"2024-07-03T08:19:37","guid":{"rendered":"https:\/\/herpitextile.com\/?page_id=5427"},"modified":"2024-07-03T08:18:07","modified_gmt":"2024-07-03T08:18:07","slug":"iletisim","status":"publish","type":"page","link":"https:\/\/herpitextile.com\/tr\/iletisim\/","title":{"rendered":"\u0130leti\u015fim"},"content":{"rendered":"<div class=\"wpb-content-wrapper\"><p>[vc_row reverse_tab=&#8221;true&#8221; reverse_mob=&#8221;true&#8221; gap=&#8221;0&#8243; equal_height=&#8221;yes&#8221; content_placement=&#8221;middle&#8221; element_id=&#8221;578472&#8243;][vc_column animation_delay=&#8221;0&#8243; element_id=&#8221;529279&#8243; css=&#8221;.vc_custom_1636467202014{padding-right: 72px !important;}&#8221; crp=&#8221;374:i:0,375-767:i:i,768-1023:i:i,1024-1279:i:i,1280-1599:i:i,1600-1919:i:i&#8221; offset=&#8221;vc_col-lg-6 vc_col-md-6 vc_col-xs-12&#8243;]<span class=\"et-gap et-clearfix et-gap-67262 hide768\"><\/span><span class=\"et-gap et-clearfix et-gap-68912 hide767 hide1024\"><\/span><h3 class=\"et-heading text-align-left highlight-false icon-position-left\" id=\"et-heading-464194\" data-374-f=\"30\" data-374-lh=\"37\" data-375-767-f=\"31\" data-375-767-lh=\"38\" data-1024-1279-f=\"40\" data-1024-1279-lh=\"44\"><span class=\"text-wrapper\"><span class=\"text\">Size<span class=\"et-gap et-clearfix et-gap-1\"><\/span>nas\u0131l yard\u0131mc\u0131 olabiliriz?<\/span><span class=\"curtain\"><\/span><\/span><\/h3><span class=\"et-gap et-clearfix et-gap-512120 hide768-1023 hide1280\"><\/span><span class=\"et-gap et-clearfix et-gap-727944 hide767 hide1024-1279\"><\/span><p class=\"et-heading text-align-left highlight-false icon-position-left\" id=\"et-heading-937036\" ><span class=\"text-wrapper\"><span class=\"text\">A\u015fa\u011f\u0131daki \u0130leti\u015fim Formumuz arac\u0131l\u0131\u011f\u0131yla bize 7\/24 ula\u015fabilirsiniz.<br \/>\n\u00c7al\u0131\u015fma saatleri i\u00e7erisinde yan\u0131t verece\u011fiz.<\/span><span class=\"curtain\"><\/span><\/span><\/p><span class=\"et-gap et-clearfix et-gap-718035 hide768-1023 hide1280\"><\/span><span class=\"et-gap et-clearfix et-gap-565553 hide767 hide1024-1279\"><\/span><div class=\"et-separator et-clearfix animate-false solid left horizontal et-separator-58295\" data-delay=\"\"><div class=\"line\"><\/div><\/div><p class=\"et-heading text-align-left highlight-false icon-position-left\" id=\"et-heading-815004\" ><span class=\"text-wrapper\"><span class=\"text\">Contact us<\/span><span class=\"curtain\"><\/span><\/span><\/p><ul id=\"et-icon-list-141812\" class=\"et-icon-list extra-small\" ><li><div class=\"icon-wrap\"><div class=\"et-icon size-extra-small\"><svg xmlns=\"http:\/\/www.w3.org\/2000\/svg\" viewBox=\"0 0 512 512\"><path d=\"M450.585 68.552L198.52 320.617 61.415 183.513 0 244.928l198.52 198.52L512 129.968z\"><\/path><\/svg> <\/div><\/div><div><a href=\"tel:00905518603284\">(+90) 551 860 32 84<\/a><\/div><\/li><li><div class=\"icon-wrap\"><div class=\"et-icon size-extra-small\"><svg xmlns=\"http:\/\/www.w3.org\/2000\/svg\" viewBox=\"0 0 512 512\"><path d=\"M450.585 68.552L198.52 320.617 61.415 183.513 0 244.928l198.52 198.52L512 129.968z\"><\/path><\/svg> <\/div><\/div><div><a href=\"mailto:info@herpitextile.com\">info@herpitextile.com<\/a><\/div><\/li><\/ul><span class=\"et-gap et-clearfix et-gap-565553 hide767 hide1024-1279\"><\/span><span class=\"et-gap et-clearfix et-gap-718035 hide768-1023 hide1280\"><\/span>[vc_column_text animation_delay=&#8221;0&#8243; el_class=&#8221;header-top-social-links&#8221;]<a href=\"https:\/\/www.facebook.com\/herpitekstil\">Facebook<\/a><a href=\"https:\/\/www.instagram.com\/herpitekstil\/\">Instagram<\/a><a href=\"#\">YouTube<\/a>[\/vc_column_text][\/vc_column][vc_column animation_delay=&#8221;0&#8243; element_id=&#8221;995833&#8243; crp=&#8221;374:i:i,375-767:i:i,768-1023:i:i,1024-1279:i:i,1280-1599:i:i,1600-1919:i:i&#8221; offset=&#8221;vc_col-lg-6 vc_col-md-6 vc_col-xs-12&#8243;][vc_gmaps link=&#8221;#E-8_JTNDaWZyYW1lJTIwc3JjJTNEJTIyaHR0cHMlM0ElMkYlMkZ3d3cuZ29vZ2xlLmNvbSUyRm1hcHMlMkZlbWJlZCUzRnBiJTNEJTIxMW0xOCUyMTFtMTIlMjExbTMlMjExZDU3Ni4zMjA5OTY2MTEzNDQ1JTIxMmQyOC44ODEyODQwMzYwMDgxOSUyMTNkNDEuMDE0MjM2MzcyMzc5NzglMjEybTMlMjExZjAlMjEyZjAlMjEzZjAlMjEzbTIlMjExaTEwMjQlMjEyaTc2OCUyMTRmMTMuMSUyMTNtMyUyMTFtMiUyMTFzMHgxNGNhYmIyODFhOTY1ODVkJTI1M0EweGUzNGIyNzM1OTEyYjM1MjQlMjEyc0hlcnBpJTI1MjBUZWtzdGlsJTIxNWUwJTIxM20yJTIxMXNlbiUyMTJzdHIlMjE0djE3MTk5ODc3MzczNTklMjE1bTIlMjExc2VuJTIxMnN0ciUyMiUyMHdpZHRoJTNEJTIyNjAwJTIyJTIwaGVpZ2h0JTNEJTIyNDUwJTIyJTIwc3R5bGUlM0QlMjJib3JkZXIlM0EwJTNCJTIyJTIwYWxsb3dmdWxsc2NyZWVuJTNEJTIyJTIyJTIwbG9hZGluZyUzRCUyMmxhenklMjIlMjByZWZlcnJlcnBvbGljeSUzRCUyMm5vLXJlZmVycmVyLXdoZW4tZG93bmdyYWRlJTIyJTNFJTNDJTJGaWZyYW1lJTNF&#8221;][\/vc_column][\/vc_row][vc_row element_id=&#8221;958117&#8243; css=&#8221;.vc_custom_1637158110443{padding-top: 36px !important;padding-bottom: 36px !important;}&#8221;][vc_column]<span class=\"et-gap et-clearfix et-gap-904618 hide767\"><\/span><div class=\"et-separator et-clearfix animate-false solid left horizontal et-separator-143435\" data-delay=\"\"><div class=\"line\"><\/div><\/div><span class=\"et-gap et-clearfix et-gap-54567 hide767\"><\/span><h3 class=\"et-heading text-align-left highlight-false icon-position-left\" id=\"et-heading-176697\" ><span class=\"text-wrapper\"><span class=\"text\">Talebinizi veya mesaj\u0131n\u0131z\u0131 g\u00f6ndermek i\u00e7in ileti\u015fim formunu doldurun:<\/span><span class=\"curtain\"><\/span><\/span><\/h3><span class=\"et-gap et-clearfix et-gap-926124\"><\/span>[contact-form-7 id=&#8221;2156&#8243;]<span class=\"et-gap et-clearfix et-gap-687887 hide767\"><\/span><div class=\"et-separator et-clearfix animate-false solid left horizontal et-separator-926591\" data-delay=\"\"><div class=\"line\"><\/div><\/div><span class=\"et-gap et-clearfix et-gap-904618 hide767\"><\/span>[\/vc_column][\/vc_row][vc_row element_id=&#8221;179081&#8243; css=&#8221;.vc_custom_1717676865424{margin-top: 100px !important;}&#8221;][vc_column]<h3 class=\"et-heading text-align-center highlight-false icon-position-left\" id=\"et-heading-178691\" ><span class=\"text-wrapper\"><span class=\"text\">Bizi instagramda takip et <a style=\"text-decoration: underline;\" href=\"https:\/\/www.instagram.com\/herpitekstil\/\" target=\"_new\" rel=\"nofollow noopener\">@herpitekstil<\/a><\/span><span class=\"curtain\"><\/span><\/span><\/h3><div class=\"insta-placeholder-grid\"><div><div style=\"max-width:200px;max-height:200px;\" class=\"lazy-inline-image\"><img decoding=\"async\" class=\"lazy\" src=\"data:image\/gif;base64,R0lGODlhAQABAIAAAP\/\/\/wAAACH5BAEAAAAALAAAAAABAAEAAAICRAEAOw==\" width=\"200\" height=\"200\" data-src=\"https:\/\/herpitextile.com\/wp-content\/uploads\/2024\/06\/herpihome_1.jpg\" alt=\"herpihome turkish textile instagram channel\" \/><svg class=\"media-placeholder\" viewBox=\"0 0 200 200\"><path d=\"M0,0H200V200H0V0Z\" \/><\/svg><svg class=\"placeholder\" viewBox=\"0 0 20 4\"><circle cx=\"2\" cy=\"2\" r=\"2\" \/><circle cx=\"10\" cy=\"2\" r=\"2\" \/><circle cx=\"18\" cy=\"2\" r=\"2\" \/><\/svg><\/div><\/div><div><div style=\"max-width:200px;max-height:200px;\" class=\"lazy-inline-image\"><img decoding=\"async\" class=\"lazy\" src=\"data:image\/gif;base64,R0lGODlhAQABAIAAAP\/\/\/wAAACH5BAEAAAAALAAAAAABAAEAAAICRAEAOw==\" width=\"200\" height=\"200\" data-src=\"https:\/\/herpitextile.com\/wp-content\/uploads\/2024\/06\/herpihome_2.jpg\" alt=\"herpihome turkish textile instagram channel\" \/><svg class=\"media-placeholder\" viewBox=\"0 0 200 200\"><path d=\"M0,0H200V200H0V0Z\" \/><\/svg><svg class=\"placeholder\" viewBox=\"0 0 20 4\"><circle cx=\"2\" cy=\"2\" r=\"2\" \/><circle cx=\"10\" cy=\"2\" r=\"2\" \/><circle cx=\"18\" cy=\"2\" r=\"2\" \/><\/svg><\/div><\/div><div><div style=\"max-width:200px;max-height:200px;\" class=\"lazy-inline-image\"><img decoding=\"async\" class=\"lazy\" src=\"data:image\/gif;base64,R0lGODlhAQABAIAAAP\/\/\/wAAACH5BAEAAAAALAAAAAABAAEAAAICRAEAOw==\" width=\"200\" height=\"200\" data-src=\"https:\/\/herpitextile.com\/wp-content\/uploads\/2024\/06\/herpihome_4.jpg\" alt=\"herpihome turkish textile instagram channel\" \/><svg class=\"media-placeholder\" viewBox=\"0 0 200 200\"><path d=\"M0,0H200V200H0V0Z\" \/><\/svg><svg class=\"placeholder\" viewBox=\"0 0 20 4\"><circle cx=\"2\" cy=\"2\" r=\"2\" \/><circle cx=\"10\" cy=\"2\" r=\"2\" \/><circle cx=\"18\" cy=\"2\" r=\"2\" \/><\/svg><\/div><\/div><div><div style=\"max-width:200px;max-height:200px;\" class=\"lazy-inline-image\"><img decoding=\"async\" class=\"lazy\" src=\"data:image\/gif;base64,R0lGODlhAQABAIAAAP\/\/\/wAAACH5BAEAAAAALAAAAAABAAEAAAICRAEAOw==\" width=\"200\" height=\"200\" data-src=\"https:\/\/herpitextile.com\/wp-content\/uploads\/2024\/06\/herpihome_3.jpg\" alt=\"herpihome turkish textile instagram channel\" \/><svg class=\"media-placeholder\" viewBox=\"0 0 200 200\"><path d=\"M0,0H200V200H0V0Z\" \/><\/svg><svg class=\"placeholder\" viewBox=\"0 0 20 4\"><circle cx=\"2\" cy=\"2\" r=\"2\" \/><circle cx=\"10\" cy=\"2\" r=\"2\" \/><circle cx=\"18\" cy=\"2\" r=\"2\" \/><\/svg><\/div><\/div><div><div style=\"max-width:200px;max-height:200px;\" class=\"lazy-inline-image\"><img decoding=\"async\" class=\"lazy\" src=\"data:image\/gif;base64,R0lGODlhAQABAIAAAP\/\/\/wAAACH5BAEAAAAALAAAAAABAAEAAAICRAEAOw==\" width=\"200\" height=\"200\" data-src=\"https:\/\/herpitextile.com\/wp-content\/uploads\/2024\/06\/herpihome_5.jpg\" alt=\"herpihome turkish textile instagram channel\" \/><svg class=\"media-placeholder\" viewBox=\"0 0 200 200\"><path d=\"M0,0H200V200H0V0Z\" \/><\/svg><svg class=\"placeholder\" viewBox=\"0 0 20 4\"><circle cx=\"2\" cy=\"2\" r=\"2\" \/><circle cx=\"10\" cy=\"2\" r=\"2\" \/><circle cx=\"18\" cy=\"2\" r=\"2\" \/><\/svg><\/div><\/div><div><div style=\"max-width:200px;max-height:200px;\" class=\"lazy-inline-image\"><img decoding=\"async\" class=\"lazy\" src=\"data:image\/gif;base64,R0lGODlhAQABAIAAAP\/\/\/wAAACH5BAEAAAAALAAAAAABAAEAAAICRAEAOw==\" width=\"200\" height=\"200\" data-src=\"https:\/\/herpitextile.com\/wp-content\/uploads\/2024\/06\/herpihome_6.jpg\" alt=\"herpihome turkish textile instagram channel\" \/><svg class=\"media-placeholder\" viewBox=\"0 0 200 200\"><path d=\"M0,0H200V200H0V0Z\" \/><\/svg><svg class=\"placeholder\" viewBox=\"0 0 20 4\"><circle cx=\"2\" cy=\"2\" r=\"2\" \/><circle cx=\"10\" cy=\"2\" r=\"2\" \/><circle cx=\"18\" cy=\"2\" r=\"2\" \/><\/svg><\/div><\/div><\/div><span class=\"et-gap et-clearfix et-gap-293567 hide767\"><\/span>[\/vc_column][\/vc_row]<\/p>\n<\/div>","protected":false},"excerpt":{"rendered":"<p>[vc_row reverse_tab=&#8221;true&#8221; reverse_mob=&#8221;true&#8221; gap=&#8221;0&#8243; equal_height=&#8221;yes&#8221; content_placement=&#8221;middle&#8221; element_id=&#8221;578472&#8243;][vc_column animation_delay=&#8221;0&#8243; element_id=&#8221;529279&#8243; css=&#8221;.vc_custom_1636467202014{padding-right: 72px !important;}&#8221; crp=&#8221;374:i:0,375-767:i:i,768-1023:i:i,1024-1279:i:i,1280-1599:i:i,1600-1919:i:i&#8221; offset=&#8221;vc_col-lg-6 vc_col-md-6 vc_col-xs-12&#8243;][vc_column_text animation_delay=&#8221;0&#8243; el_class=&#8221;header-top-social-links&#8221;]FacebookInstagramYouTube[\/vc_column_text][\/vc_column][vc_column animation_delay=&#8221;0&#8243; element_id=&#8221;995833&#8243; crp=&#8221;374:i:i,375-767:i:i,768-1023:i:i,1024-1279:i:i,1280-1599:i:i,1600-1919:i:i&#8221; offset=&#8221;vc_col-lg-6 vc_col-md-6 vc_col-xs-12&#8243;][vc_gmaps link=&#8221;#E-8_JTNDaWZyYW1lJTIwc3JjJTNEJTIyaHR0cHMlM0ElMkYlMkZ3d3cuZ29vZ2xlLmNvbSUyRm1hcHMlMkZlbWJlZCUzRnBiJTNEJTIxMW0xOCUyMTFtMTIlMjExbTMlMjExZDU3Ni4zMjA5OTY2MTEzNDQ1JTIxMmQyOC44ODEyODQwMzYwMDgxOSUyMTNkNDEuMDE0MjM2MzcyMzc5NzglMjEybTMlMjExZjAlMjEyZjAlMjEzZjAlMjEzbTIlMjExaTEwMjQlMjEyaTc2OCUyMTRmMTMuMSUyMTNtMyUyMTFtMiUyMTFzMHgxNGNhYmIyODFhOTY1ODVkJTI1M0EweGUzNGIyNzM1OTEyYjM1MjQlMjEyc0hlcnBpJTI1MjBUZWtzdGlsJTIxNWUwJTIxM20yJTIxMXNlbiUyMTJzdHIlMjE0djE3MTk5ODc3MzczNTklMjE1bTIlMjExc2VuJTIxMnN0ciUyMiUyMHdpZHRoJTNEJTIyNjAwJTIyJTIwaGVpZ2h0JTNEJTIyNDUwJTIyJTIwc3R5bGUlM0QlMjJib3JkZXIlM0EwJTNCJTIyJTIwYWxsb3dmdWxsc2NyZWVuJTNEJTIyJTIyJTIwbG9hZGluZyUzRCUyMmxhenklMjIlMjByZWZlcnJlcnBvbGljeSUzRCUyMm5vLXJlZmVycmVyLXdoZW4tZG93bmdyYWRlJTIyJTNFJTNDJTJGaWZyYW1lJTNF&#8221;][\/vc_column][\/vc_row][vc_row element_id=&#8221;958117&#8243; css=&#8221;.vc_custom_1637158110443{padding-top: 36px !important;padding-bottom: 36px !important;}&#8221;][vc_column][contact-form-7 id=&#8221;2156&#8243;][\/vc_column][\/vc_row][vc_row element_id=&#8221;179081&#8243; css=&#8221;.vc_custom_1717676865424{margin-top: 100px !important;}&#8221;][vc_column][\/vc_column][\/vc_row]<\/p>\n","protected":false},"author":1,"featured_media":0,"parent":0,"menu_order":0,"comment_status":"closed","ping_status":"closed","template":"","meta":{"footnotes":""},"class_list":["post-5427","page","type-page","status-publish","hentry"],"aioseo_notices":[],"_links":{"self":[{"href":"https:\/\/herpitextile.com\/tr\/wp-json\/wp\/v2\/pages\/5427","targetHints":{"allow":["GET"]}}],"collection":[{"href":"https:\/\/herpitextile.com\/tr\/wp-json\/wp\/v2\/pages"}],"about":[{"href":"https:\/\/herpitextile.com\/tr\/wp-json\/wp\/v2\/types\/page"}],"author":[{"embeddable":true,"href":"https:\/\/herpitextile.com\/tr\/wp-json\/wp\/v2\/users\/1"}],"replies":[{"embeddable":true,"href":"https:\/\/herpitextile.com\/tr\/wp-json\/wp\/v2\/comments?post=5427"}],"version-history":[{"count":3,"href":"https:\/\/herpitextile.com\/tr\/wp-json\/wp\/v2\/pages\/5427\/revisions"}],"predecessor-version":[{"id":5437,"href":"https:\/\/herpitextile.com\/tr\/wp-json\/wp\/v2\/pages\/5427\/revisions\/5437"}],"wp:attachment":[{"href":"https:\/\/herpitextile.com\/tr\/wp-json\/wp\/v2\/media?parent=5427"}],"curies":[{"name":"wp","href":"https:\/\/api.w.org\/{rel}","templated":true}]}}