{"id":5118,"date":"2024-05-27T12:20:07","date_gmt":"2024-05-27T12:20:07","guid":{"rendered":"https:\/\/herpitextile.com\/services\/"},"modified":"2024-06-24T11:03:12","modified_gmt":"2024-06-24T11:03:12","slug":"services","status":"publish","type":"page","link":"https:\/\/herpitextile.com\/tr\/services\/","title":{"rendered":"Hizmetler"},"content":{"rendered":"<div class=\"wpb-content-wrapper\"><p>[vc_row gap=&#8221;0&#8243; content_placement=&#8221;middle&#8221; element_id=&#8221;920760&#8243; element_css=&#8221;.vc-row-920760 .animated-container {background-image:url(https:\/\/herpitextile.com\/wp-content\/uploads\/animated-back.png);}&#8221; animated_bg=&#8221;true&#8221; css=&#8221;.vc_custom_1637249245904{padding-top: 48px !important;padding-bottom: 48px !important;background-color: #fff3ed !important;}&#8221; animated_bg_image=&#8221;2001&#8243; animated_bg_speed=&#8221;60000&#8243;][vc_column animation_delay=&#8221;0&#8243; css_animation=&#8221;bottom-to-top&#8221; element_id=&#8221;60075&#8243; css=&#8221;.vc_custom_1637246731618{padding-top: 24px !important;padding-right: 72px !important;padding-bottom: 32px !important;padding-left: 72px !important;background-color: #ffffff !important;}&#8221; crp=&#8221;374:8:8,375-767:8:8,768-1023:i:i,1024-1279:i:i,1280-1599:i:i,1600-1919:i:i&#8221; offset=&#8221;vc_col-lg-6 vc_col-md-7 vc_col-xs-12&#8243;]<div id=\"et-stagger-box-1\" class=\"et-stagger-box et-stagger-box-1\" data-delay=\"300\" data-interval=\"50\" data-stagger=\"bottom\"><div class=\"content\"><span class=\"et-gap et-clearfix et-gap-355018 hide767\"><\/span><h1 class=\"et-heading text-align-left highlight-false icon-position-left\" id=\"et-heading-492656\" data-374-f=\"28\" data-374-lh=\"35\" data-375-767-f=\"31\" data-375-767-lh=\"38\" data-1024-1279-f=\"40\" data-1024-1279-lh=\"44\"><span class=\"text-wrapper\"><span class=\"text\">Herpi Tekstil Hizmetleri<\/span><span class=\"curtain\"><\/span><\/span><\/h1><span class=\"et-gap et-clearfix et-gap-705766 hide768-1023 hide1280\"><\/span><span class=\"et-gap et-clearfix et-gap-727944 hide767 hide1024-1279\"><\/span><p class=\"et-heading text-align-left highlight-false icon-position-left\" id=\"et-heading-181242\" data-374-f=\"17\" data-374-lh=\"28\"><span class=\"text-wrapper\"><span class=\"text\">M\u00fc\u015fterilerimizin i\u015fleri i\u00e7in do\u011fru \u00fcr\u00fcn\u00fc bulmalar\u0131na yard\u0131mc\u0131 oluyor ve t\u00fcm sat\u0131n alma ve nakliye s\u00fcrecini kolayla\u015ft\u0131r\u0131yoruz.<\/span><span class=\"curtain\"><\/span><\/span><\/p><span class=\"et-gap et-clearfix et-gap-718035 hide768-1023 hide1280\"><\/span><span class=\"et-gap et-clearfix et-gap-565553 hide767 hide1024-1279\"><\/span><a id=\"et-button-281085\" class=\"et-button icon-position-left modal-false hover-scale smooth-false shadow-false none default normal medium\" target=\"_self\" href=\"#service1\" data-effect=\"scale\"><span class=\"text\">Hizmetleri G\u00f6r\u00fcnt\u00fcle<\/span><span class=\"button-back\"><span class=\"regular\"><\/span><\/span><\/a><span class=\"et-gap et-clearfix et-gap-643099 hide767\"><\/span><\/div><\/div>[\/vc_column][vc_column animation_delay=&#8221;0&#8243; element_id=&#8221;311970&#8243; offset=&#8221;vc_col-lg-6 vc_col-md-5 vc_hidden-sm vc_col-xs-12 vc_hidden-xs&#8221; crp=&#8221;374:i:i,375-767:i:i,768-1023:i:i,1024-1279:i:i,1280-1599:i:i,1600-1919:i:i&#8221;]<span class=\"et-gap et-clearfix et-gap-760781\"><\/span>[\/vc_column][\/vc_row][vc_row reverse_tab=&#8221;true&#8221; reverse_mob=&#8221;true&#8221; gap=&#8221;0&#8243; equal_height=&#8221;yes&#8221; content_placement=&#8221;middle&#8221; element_id=&#8221;775508&#8243; css=&#8221;.vc_custom_1717570766601{margin-top: 50px !important;margin-bottom: 50px !important;}&#8221; el_id=&#8221;service1&#8243;][vc_column animation_delay=&#8221;0&#8243; element_id=&#8221;529279&#8243; css=&#8221;.vc_custom_1636467202014{padding-right: 72px !important;}&#8221; crp=&#8221;374:i:0,375-767:i:i,768-1023:i:i,1024-1279:i:i,1280-1599:i:i,1600-1919:i:i&#8221; offset=&#8221;vc_col-lg-6 vc_col-md-6 vc_col-xs-12&#8243;]<span class=\"et-gap et-clearfix et-gap-67262 hide768\"><\/span><span class=\"et-gap et-clearfix et-gap-68912 hide767 hide1024\"><\/span><div id=\"et-stagger-box-2\" class=\"et-stagger-box et-stagger-box-2\" data-delay=\"0\" data-interval=\"50\" data-stagger=\"right\"><div class=\"content\"><h3 class=\"et-heading text-align-left highlight-false icon-position-left\" id=\"et-heading-705709\" data-374-f=\"30\" data-374-lh=\"37\" data-375-767-f=\"31\" data-375-767-lh=\"38\" data-1024-1279-f=\"40\" data-1024-1279-lh=\"44\"><span class=\"text-wrapper\"><span class=\"text\">\u00d6zel Sipari\u015f Hizmeti<\/span><span class=\"curtain\"><\/span><\/span><\/h3><span class=\"et-gap et-clearfix et-gap-512120 hide768-1023 hide1280\"><\/span><span class=\"et-gap et-clearfix et-gap-727944 hide767 hide1024-1279\"><\/span><p class=\"et-heading text-align-left highlight-false icon-position-left\" id=\"et-heading-962412\" ><span class=\"text-wrapper\"><span class=\"text\">\u00d6zel ihtiya\u00e7lar\u0131n\u0131z m\u0131 var? \u00d6zel kuma\u015flar veya tasar\u0131mlar? Fikirlerinizi bizimle payla\u015fman\u0131z yeterli. Her \u015feyle biz ilgileniyoruz!<\/span><span class=\"curtain\"><\/span><\/span><\/p><span class=\"et-gap et-clearfix et-gap-718035 hide768-1023 hide1280\"><\/span><span class=\"et-gap et-clearfix et-gap-565553 hide767 hide1024-1279\"><\/span><a id=\"et-button-578914\" class=\"et-button icon-position-left modal-false hover-scale smooth-false shadow-false none default normal custom\" target=\"_self\" href=\"\/tr\/contact-us\/\" data-effect=\"scale\"><span class=\"text\">Bize Ula\u015f\u0131n<\/span><span class=\"button-back\"><span class=\"regular\"><\/span><\/span><\/a><\/div><\/div>[\/vc_column][vc_column animation_delay=&#8221;0&#8243; element_id=&#8221;130440&#8243; element_css=&#8221;.vc-column-130440 .parallax-container {background-image:url(https:\/\/herpitextile.com\/wp-content\/uploads\/2024\/06\/custom-design.jpg);}&#8221; parallax=&#8221;true&#8221; crp=&#8221;374:i:i,375-767:i:i,768-1023:i:i,1024-1279:i:i,1280-1599:i:i,1600-1919:i:i&#8221; parallax_duration_bg=&#8221;30&#8243; offset=&#8221;vc_col-lg-6 vc_col-md-6 vc_col-xs-12&#8243; parallax_image=&#8221;4476&#8243;]<span class=\"et-gap et-clearfix et-gap-341696 hide767 hide1024-1279\"><\/span><span class=\"et-gap et-clearfix et-gap-363757 hide767 hide768-1023 hide1280\"><\/span><span class=\"et-gap et-clearfix et-gap-780466 hide768\"><\/span>[\/vc_column][\/vc_row][vc_row reverse_tab=&#8221;true&#8221; reverse_mob=&#8221;true&#8221; gap=&#8221;0&#8243; equal_height=&#8221;yes&#8221; content_placement=&#8221;middle&#8221; element_id=&#8221;731827&#8243; css=&#8221;.vc_custom_1717570779896{margin-top: 50px !important;margin-bottom: 50px !important;}&#8221;][vc_column animation_delay=&#8221;0&#8243; element_id=&#8221;366353&#8243; css=&#8221;.vc_custom_1717569629399{padding-right: 72px !important;}&#8221; crp=&#8221;374:i:0,375-767:i:i,768-1023:i:i,1024-1279:i:i,1280-1599:i:i,1600-1919:i:i&#8221; offset=&#8221;vc_col-lg-6 vc_col-md-6 vc_col-xs-12&#8243;]<span class=\"et-gap et-clearfix et-gap-67262 hide768\"><\/span><span class=\"et-gap et-clearfix et-gap-68912 hide767 hide1024\"><\/span><div id=\"et-stagger-box-3\" class=\"et-stagger-box et-stagger-box-3\" data-delay=\"0\" data-interval=\"50\" data-stagger=\"right\"><div class=\"content\"><h3 class=\"et-heading text-align-left highlight-false icon-position-left\" id=\"et-heading-709690\" data-374-f=\"30\" data-374-lh=\"37\" data-375-767-f=\"31\" data-375-767-lh=\"38\" data-1024-1279-f=\"40\" data-1024-1279-lh=\"44\"><span class=\"text-wrapper\"><span class=\"text\">Photoshop ve Tasar\u0131m Hizmetleri<\/span><span class=\"curtain\"><\/span><\/span><\/h3><span class=\"et-gap et-clearfix et-gap-512120 hide768-1023 hide1280\"><\/span><span class=\"et-gap et-clearfix et-gap-727944 hide767 hide1024-1279\"><\/span><p class=\"et-heading text-align-left highlight-false icon-position-left\" id=\"et-heading-758492\" ><span class=\"text-wrapper\"><span class=\"text\">Tekstilinizde \u00f6zel bir tasar\u0131m veya desene mi ihtiyac\u0131n\u0131z var? Tasar\u0131mc\u0131lar\u0131m\u0131z her t\u00fcrl\u00fc kuma\u015fa bas\u0131lacak fikirleriniz \u00fczerinde \u00e7al\u0131\u015facakt\u0131r.<\/span><span class=\"curtain\"><\/span><\/span><\/p><span class=\"et-gap et-clearfix et-gap-718035 hide768-1023 hide1280\"><\/span><span class=\"et-gap et-clearfix et-gap-565553 hide767 hide1024-1279\"><\/span><a id=\"et-button-777757\" class=\"et-button icon-position-left modal-false hover-scale smooth-false shadow-false none default normal custom\" target=\"_self\" href=\"\/tr\/contact-us\/\" data-effect=\"scale\"><span class=\"text\">Bize Ula\u015f\u0131n<\/span><span class=\"button-back\"><span class=\"regular\"><\/span><\/span><\/a><\/div><\/div>[\/vc_column][vc_column animation_delay=&#8221;0&#8243; element_id=&#8221;572954&#8243; element_css=&#8221;.vc-column-572954 .parallax-container {background-image:url(https:\/\/herpitextile.com\/wp-content\/uploads\/2024\/06\/textile-designing-services.jpg);}&#8221; parallax=&#8221;true&#8221; crp=&#8221;374:i:i,375-767:i:i,768-1023:i:i,1024-1279:i:i,1280-1599:i:i,1600-1919:i:i&#8221; parallax_image=&#8221;4483&#8243; parallax_duration_bg=&#8221;30&#8243; offset=&#8221;vc_col-lg-6 vc_col-md-6 vc_col-xs-12&#8243;]<span class=\"et-gap et-clearfix et-gap-341696 hide767 hide1024-1279\"><\/span><span class=\"et-gap et-clearfix et-gap-363757 hide767 hide768-1023 hide1280\"><\/span><span class=\"et-gap et-clearfix et-gap-780466 hide768\"><\/span>[\/vc_column][\/vc_row][vc_row reverse_tab=&#8221;true&#8221; reverse_mob=&#8221;true&#8221; gap=&#8221;0&#8243; equal_height=&#8221;yes&#8221; content_placement=&#8221;middle&#8221; element_id=&#8221;731827&#8243; css=&#8221;.vc_custom_1717570779896{margin-top: 50px !important;margin-bottom: 50px !important;}&#8221;][vc_column animation_delay=&#8221;0&#8243; element_id=&#8221;366353&#8243; css=&#8221;.vc_custom_1717569629399{padding-right: 72px !important;}&#8221; crp=&#8221;374:i:0,375-767:i:i,768-1023:i:i,1024-1279:i:i,1280-1599:i:i,1600-1919:i:i&#8221; offset=&#8221;vc_col-lg-6 vc_col-md-6 vc_col-xs-12&#8243;]<span class=\"et-gap et-clearfix et-gap-67262 hide768\"><\/span><span class=\"et-gap et-clearfix et-gap-68912 hide767 hide1024\"><\/span><div id=\"et-stagger-box-4\" class=\"et-stagger-box et-stagger-box-4\" data-delay=\"0\" data-interval=\"50\" data-stagger=\"right\"><div class=\"content\"><h3 class=\"et-heading text-align-left highlight-false icon-position-left\" id=\"et-heading-94468\" data-374-f=\"30\" data-374-lh=\"37\" data-375-767-f=\"31\" data-375-767-lh=\"38\" data-1024-1279-f=\"40\" data-1024-1279-lh=\"44\"><span class=\"text-wrapper\"><span class=\"text\">Vitrin<\/span><span class=\"curtain\"><\/span><\/span><\/h3><span class=\"et-gap et-clearfix et-gap-512120 hide768-1023 hide1280\"><\/span><span class=\"et-gap et-clearfix et-gap-727944 hide767 hide1024-1279\"><\/span><p class=\"et-heading text-align-left highlight-false icon-position-left\" id=\"et-heading-70383\" ><span class=\"text-wrapper\"><span class=\"text\">\u00d6nce \u00fcr\u00fcnleri g\u00f6rmek ister misiniz? Tekstil numunelerine mi ihtiyac\u0131n\u0131z var yoksa kaliteyi mi test ediyorsunuz? \u00dcr\u00fcnlerimizin bro\u015f\u00fcr\u00fcne mi ihtiyac\u0131n\u0131z var? Sadece bize bildirin!<\/span><span class=\"curtain\"><\/span><\/span><\/p><span class=\"et-gap et-clearfix et-gap-718035 hide768-1023 hide1280\"><\/span><span class=\"et-gap et-clearfix et-gap-565553 hide767 hide1024-1279\"><\/span><a id=\"et-button-249247\" class=\"et-button icon-position-left modal-false hover-scale smooth-false shadow-false none default normal custom\" target=\"_self\" href=\"\/tr\/contact-us\/\" data-effect=\"scale\"><span class=\"text\">Bize Ula\u015f\u0131n<\/span><span class=\"button-back\"><span class=\"regular\"><\/span><\/span><\/a><\/div><\/div>[\/vc_column][vc_column animation_delay=&#8221;0&#8243; element_id=&#8221;995444&#8243; element_css=&#8221;.vc-column-995444 .parallax-container {background-image:url(https:\/\/herpitextile.com\/wp-content\/uploads\/2024\/06\/textile-showroom-visit.jpg);}&#8221; parallax=&#8221;true&#8221; crp=&#8221;374:i:i,375-767:i:i,768-1023:i:i,1024-1279:i:i,1280-1599:i:i,1600-1919:i:i&#8221; parallax_image=&#8221;4490&#8243; parallax_duration_bg=&#8221;30&#8243; offset=&#8221;vc_col-lg-6 vc_col-md-6 vc_col-xs-12&#8243;]<span class=\"et-gap et-clearfix et-gap-341696 hide767 hide1024-1279\"><\/span><span class=\"et-gap et-clearfix et-gap-363757 hide767 hide768-1023 hide1280\"><\/span><span class=\"et-gap et-clearfix et-gap-780466 hide768\"><\/span>[\/vc_column][\/vc_row][vc_row reverse_tab=&#8221;true&#8221; reverse_mob=&#8221;true&#8221; gap=&#8221;0&#8243; equal_height=&#8221;yes&#8221; content_placement=&#8221;middle&#8221; element_id=&#8221;731827&#8243; css=&#8221;.vc_custom_1717570779896{margin-top: 50px !important;margin-bottom: 50px !important;}&#8221;][vc_column animation_delay=&#8221;0&#8243; element_id=&#8221;366353&#8243; css=&#8221;.vc_custom_1717569629399{padding-right: 72px !important;}&#8221; crp=&#8221;374:i:0,375-767:i:i,768-1023:i:i,1024-1279:i:i,1280-1599:i:i,1600-1919:i:i&#8221; offset=&#8221;vc_col-lg-6 vc_col-md-6 vc_col-xs-12&#8243;]<span class=\"et-gap et-clearfix et-gap-67262 hide768\"><\/span><span class=\"et-gap et-clearfix et-gap-68912 hide767 hide1024\"><\/span><div id=\"et-stagger-box-5\" class=\"et-stagger-box et-stagger-box-5\" data-delay=\"0\" data-interval=\"50\" data-stagger=\"right\"><div class=\"content\"><h3 class=\"et-heading text-align-left highlight-false icon-position-left\" id=\"et-heading-23392\" data-374-f=\"30\" data-374-lh=\"37\" data-375-767-f=\"31\" data-375-767-lh=\"38\" data-1024-1279-f=\"40\" data-1024-1279-lh=\"44\"><span class=\"text-wrapper\"><span class=\"text\">Kuma\u015f Bask\u0131 Hizmetleri<\/span><span class=\"curtain\"><\/span><\/span><\/h3><span class=\"et-gap et-clearfix et-gap-512120 hide768-1023 hide1280\"><\/span><span class=\"et-gap et-clearfix et-gap-727944 hide767 hide1024-1279\"><\/span><p class=\"et-heading text-align-left highlight-false icon-position-left\" id=\"et-heading-554800\" ><span class=\"text-wrapper\"><span class=\"text\">E\u011fer bir desen tasar\u0131m\u0131n\u0131z varsa ve bunu bas\u0131p b\u00fcy\u00fck ebatlarda kuma\u015f \u00fcretmemizi istiyorsan\u0131z bu da verdi\u011fimiz hizmetlerden biridir.<\/span><span class=\"curtain\"><\/span><\/span><\/p><span class=\"et-gap et-clearfix et-gap-718035 hide768-1023 hide1280\"><\/span><span class=\"et-gap et-clearfix et-gap-565553 hide767 hide1024-1279\"><\/span><a id=\"et-button-281715\" class=\"et-button icon-position-left modal-false hover-scale smooth-false shadow-false none default normal custom\" target=\"_self\" href=\"\/tr\/contact-us\/\" data-effect=\"scale\"><span class=\"text\">Bize Ula\u015f\u0131n<\/span><span class=\"button-back\"><span class=\"regular\"><\/span><\/span><\/a><\/div><\/div>[\/vc_column][vc_column animation_delay=&#8221;0&#8243; element_id=&#8221;836895&#8243; element_css=&#8221;.vc-column-836895 .parallax-container {background-image:url(https:\/\/herpitextile.com\/wp-content\/uploads\/2024\/06\/fabrics-printing-service.jpg);}&#8221; parallax=&#8221;true&#8221; crp=&#8221;374:i:i,375-767:i:i,768-1023:i:i,1024-1279:i:i,1280-1599:i:i,1600-1919:i:i&#8221; parallax_image=&#8221;4497&#8243; parallax_duration_bg=&#8221;30&#8243; offset=&#8221;vc_col-lg-6 vc_col-md-6 vc_col-xs-12&#8243;]<span class=\"et-gap et-clearfix et-gap-341696 hide767 hide1024-1279\"><\/span><span class=\"et-gap et-clearfix et-gap-363757 hide767 hide768-1023 hide1280\"><\/span><span class=\"et-gap et-clearfix et-gap-780466 hide768\"><\/span>[\/vc_column][\/vc_row][vc_row reverse_tab=&#8221;true&#8221; reverse_mob=&#8221;true&#8221; gap=&#8221;0&#8243; equal_height=&#8221;yes&#8221; content_placement=&#8221;middle&#8221; element_id=&#8221;731827&#8243; css=&#8221;.vc_custom_1717570779896{margin-top: 50px !important;margin-bottom: 50px !important;}&#8221;][vc_column animation_delay=&#8221;0&#8243; element_id=&#8221;366353&#8243; css=&#8221;.vc_custom_1717569629399{padding-right: 72px !important;}&#8221; crp=&#8221;374:i:0,375-767:i:i,768-1023:i:i,1024-1279:i:i,1280-1599:i:i,1600-1919:i:i&#8221; offset=&#8221;vc_col-lg-6 vc_col-md-6 vc_col-xs-12&#8243;]<span class=\"et-gap et-clearfix et-gap-67262 hide768\"><\/span><span class=\"et-gap et-clearfix et-gap-68912 hide767 hide1024\"><\/span><div id=\"et-stagger-box-6\" class=\"et-stagger-box et-stagger-box-6\" data-delay=\"0\" data-interval=\"50\" data-stagger=\"right\"><div class=\"content\"><h3 class=\"et-heading text-align-left highlight-false icon-position-left\" id=\"et-heading-436929\" data-374-f=\"30\" data-374-lh=\"37\" data-375-767-f=\"31\" data-375-767-lh=\"38\" data-1024-1279-f=\"40\" data-1024-1279-lh=\"44\"><span class=\"text-wrapper\"><span class=\"text\">Desen Tasar\u0131m Hizmetleri<\/span><span class=\"curtain\"><\/span><\/span><\/h3><span class=\"et-gap et-clearfix et-gap-512120 hide768-1023 hide1280\"><\/span><span class=\"et-gap et-clearfix et-gap-727944 hide767 hide1024-1279\"><\/span><p class=\"et-heading text-align-left highlight-false icon-position-left\" id=\"et-heading-247895\" ><span class=\"text-wrapper\"><span class=\"text\">\u0130ste\u011fe g\u00f6re \u00f6zel desenler tasarlayabiliriz. Nak\u0131\u015f desenleri, kuma\u015f tasar\u0131mlar\u0131 vb.<\/span><span class=\"curtain\"><\/span><\/span><\/p><span class=\"et-gap et-clearfix et-gap-718035 hide768-1023 hide1280\"><\/span><span class=\"et-gap et-clearfix et-gap-565553 hide767 hide1024-1279\"><\/span><a id=\"et-button-122140\" class=\"et-button icon-position-left modal-false hover-scale smooth-false shadow-false none default normal custom\" target=\"_self\" href=\"\/tr\/contact-us\/\" data-effect=\"scale\"><span class=\"text\">Bize Ula\u015f\u0131n<\/span><span class=\"button-back\"><span class=\"regular\"><\/span><\/span><\/a><\/div><\/div>[\/vc_column][vc_column animation_delay=&#8221;0&#8243; element_id=&#8221;257039&#8243; element_css=&#8221;.vc-column-257039 .parallax-container {background-image:url(https:\/\/herpitextile.com\/wp-content\/uploads\/2024\/06\/embroidery-fabric-design.webp);}&#8221; parallax=&#8221;true&#8221; crp=&#8221;374:i:i,375-767:i:i,768-1023:i:i,1024-1279:i:i,1280-1599:i:i,1600-1919:i:i&#8221; parallax_image=&#8221;4504&#8243; parallax_duration_bg=&#8221;30&#8243; offset=&#8221;vc_col-lg-6 vc_col-md-6 vc_col-xs-12&#8243;]<span class=\"et-gap et-clearfix et-gap-341696 hide767 hide1024-1279\"><\/span><span class=\"et-gap et-clearfix et-gap-363757 hide767 hide768-1023 hide1280\"><\/span><span class=\"et-gap et-clearfix et-gap-780466 hide768\"><\/span>[\/vc_column][\/vc_row][vc_row reverse_tab=&#8221;true&#8221; reverse_mob=&#8221;true&#8221; gap=&#8221;0&#8243; equal_height=&#8221;yes&#8221; content_placement=&#8221;middle&#8221; element_id=&#8221;731827&#8243; css=&#8221;.vc_custom_1717570779896{margin-top: 50px !important;margin-bottom: 50px !important;}&#8221;][vc_column animation_delay=&#8221;0&#8243; element_id=&#8221;366353&#8243; css=&#8221;.vc_custom_1717569629399{padding-right: 72px !important;}&#8221; crp=&#8221;374:i:0,375-767:i:i,768-1023:i:i,1024-1279:i:i,1280-1599:i:i,1600-1919:i:i&#8221; offset=&#8221;vc_col-lg-6 vc_col-md-6 vc_col-xs-12&#8243;]<span class=\"et-gap et-clearfix et-gap-67262 hide768\"><\/span><span class=\"et-gap et-clearfix et-gap-68912 hide767 hide1024\"><\/span><div id=\"et-stagger-box-7\" class=\"et-stagger-box et-stagger-box-7\" data-delay=\"0\" data-interval=\"50\" data-stagger=\"right\"><div class=\"content\"><h3 class=\"et-heading text-align-left highlight-false icon-position-left\" id=\"et-heading-591947\" data-374-f=\"30\" data-374-lh=\"37\" data-375-767-f=\"31\" data-375-767-lh=\"38\" data-1024-1279-f=\"40\" data-1024-1279-lh=\"44\"><span class=\"text-wrapper\"><span class=\"text\">Tekstil \u0130malat\u0131<\/span><span class=\"curtain\"><\/span><\/span><\/h3><span class=\"et-gap et-clearfix et-gap-512120 hide768-1023 hide1280\"><\/span><span class=\"et-gap et-clearfix et-gap-727944 hide767 hide1024-1279\"><\/span><p class=\"et-heading text-align-left highlight-false icon-position-left\" id=\"et-heading-609461\" ><span class=\"text-wrapper\"><span class=\"text\">Dikim hizmetleri, kuma\u015f kesimi, \u00fct\u00fcleme, paketleme ve lojistik hizmetleri. Hepsi Herpi Tekstil&#8217;de!<\/span><span class=\"curtain\"><\/span><\/span><\/p><span class=\"et-gap et-clearfix et-gap-718035 hide768-1023 hide1280\"><\/span><span class=\"et-gap et-clearfix et-gap-565553 hide767 hide1024-1279\"><\/span><a id=\"et-button-930080\" class=\"et-button icon-position-left modal-false hover-scale smooth-false shadow-false none default normal custom\" target=\"_self\" href=\"\/tr\/contact-us\/\" data-effect=\"scale\"><span class=\"text\">Bize Ula\u015f\u0131n<\/span><span class=\"button-back\"><span class=\"regular\"><\/span><\/span><\/a><\/div><\/div>[\/vc_column][vc_column animation_delay=&#8221;0&#8243; element_id=&#8221;567474&#8243; element_css=&#8221;.vc-column-567474 .parallax-container {background-image:url(https:\/\/herpitextile.com\/wp-content\/uploads\/2024\/06\/textile-production-process-sewing.webp);}&#8221; parallax=&#8221;true&#8221; crp=&#8221;374:i:i,375-767:i:i,768-1023:i:i,1024-1279:i:i,1280-1599:i:i,1600-1919:i:i&#8221; parallax_image=&#8221;4510&#8243; parallax_duration_bg=&#8221;30&#8243; offset=&#8221;vc_col-lg-6 vc_col-md-6 vc_col-xs-12&#8243;]<span class=\"et-gap et-clearfix et-gap-341696 hide767 hide1024-1279\"><\/span><span class=\"et-gap et-clearfix et-gap-363757 hide767 hide768-1023 hide1280\"><\/span><span class=\"et-gap et-clearfix et-gap-780466 hide768\"><\/span>[\/vc_column][\/vc_row][vc_row element_id=&#8221;497386&#8243;][vc_column][vc_raw_js]JTNDc2NyaXB0JTNFJTBBalF1ZXJ5JTI4ZG9jdW1lbnQlMjkucmVhZHklMjhmdW5jdGlvbiUyMCUyOCUyNCUyOSUyMCU3QiUwQSUyNCUyOGRvY3VtZW50JTI5Lm9uJTI4JTI3Y2xpY2slMjclMkMlMjAlMjdhJTVCaHJlZiU1RSUzRCUyMiUyMyUyMiU1RCUyNyUyQyUyMGZ1bmN0aW9uJTI4ZSUyOSUyMCU3QiUwQSUyMCUyMCUyMCUyMCUyRiUyRiUyMHRhcmdldCUyMGVsZW1lbnQlMjBpZCUwQSUyMCUyMCUyMCUyMHZhciUyMGlkJTIwJTNEJTIwJTI0JTI4dGhpcyUyOS5hdHRyJTI4JTI3aHJlZiUyNyUyOSUzQiUwQSUwQSUyMCUyMCUyMCUyMCUyRiUyRiUyMHRhcmdldCUyMGVsZW1lbnQlMEElMjAlMjAlMjAlMjB2YXIlMjAlMjRpZCUyMCUzRCUyMCUyNCUyOGlkJTI5JTNCJTBBJTIwJTIwJTIwJTIwaWYlMjAlMjglMjRpZC5sZW5ndGglMjAlM0QlM0QlM0QlMjAwJTI5JTIwJTdCJTBBJTIwJTIwJTIwJTIwJTIwJTIwJTIwJTIwcmV0dXJuJTNCJTBBJTIwJTIwJTIwJTIwJTdEJTBBJTBBJTIwJTIwJTIwJTIwJTJGJTJGJTIwcHJldmVudCUyMHN0YW5kYXJkJTIwaGFzaCUyMG5hdmlnYXRpb24lMjAlMjhhdm9pZCUyMGJsaW5raW5nJTIwaW4lMjBJRSUyOSUwQSUyMCUyMCUyMCUyMGUucHJldmVudERlZmF1bHQlMjglMjklM0IlMEElMEElMjAlMjAlMjAlMjAlMkYlMkYlMjB0b3AlMjBwb3NpdGlvbiUyMHJlbGF0aXZlJTIwdG8lMjB0aGUlMjBkb2N1bWVudCUwQSUyMCUyMCUyMCUyMHZhciUyMHBvcyUyMCUzRCUyMCUyNGlkLm9mZnNldCUyOCUyOS50b3AlM0IlMEElMEElMjAlMjAlMjAlMjAlMkYlMkYlMjBhbmltYXRlZCUyMHRvcCUyMHNjcm9sbGluZyUwQSUyMCUyMCUyMCUyMCUyNCUyOCUyN2JvZHklMkMlMjBodG1sJTI3JTI5LmFuaW1hdGUlMjglN0JzY3JvbGxUb3AlM0ElMjBwb3MlMjAtJTIwMTQwJTdEJTI5JTNCJTBBJTdEJTI5JTNCJTBBJTdEJTI5JTNCJTBBJTIwJTNDJTJGc2NyaXB0JTNF[\/vc_raw_js][\/vc_column][\/vc_row]<\/p>\n<\/div>","protected":false},"excerpt":{"rendered":"<p>[vc_row gap=&#8221;0&#8243; content_placement=&#8221;middle&#8221; element_id=&#8221;920760&#8243; element_css=&#8221;.vc-row-920760 .animated-container {background-image:url(https:\/\/herpitextile.com\/wp-content\/uploads\/animated-back.png);}&#8221; animated_bg=&#8221;true&#8221; css=&#8221;.vc_custom_1637249245904{padding-top: 48px !important;padding-bottom: 48px !important;background-color: #fff3ed !important;}&#8221; animated_bg_image=&#8221;2001&#8243; animated_bg_speed=&#8221;60000&#8243;][vc_column animation_delay=&#8221;0&#8243; css_animation=&#8221;bottom-to-top&#8221; element_id=&#8221;60075&#8243; css=&#8221;.vc_custom_1637246731618{padding-top: 24px !important;padding-right: 72px !important;padding-bottom: 32px !important;padding-left: 72px !important;background-color: #ffffff !important;}&#8221; crp=&#8221;374:8:8,375-767:8:8,768-1023:i:i,1024-1279:i:i,1280-1599:i:i,1600-1919:i:i&#8221; offset=&#8221;vc_col-lg-6 vc_col-md-7 vc_col-xs-12&#8243;][\/vc_column][vc_column animation_delay=&#8221;0&#8243; element_id=&#8221;311970&#8243; offset=&#8221;vc_col-lg-6 vc_col-md-5 vc_hidden-sm vc_col-xs-12 vc_hidden-xs&#8221; crp=&#8221;374:i:i,375-767:i:i,768-1023:i:i,1024-1279:i:i,1280-1599:i:i,1600-1919:i:i&#8221;][\/vc_column][\/vc_row][vc_row reverse_tab=&#8221;true&#8221; reverse_mob=&#8221;true&#8221; gap=&#8221;0&#8243; equal_height=&#8221;yes&#8221; content_placement=&#8221;middle&#8221; element_id=&#8221;775508&#8243; css=&#8221;.vc_custom_1717570766601{margin-top: 50px !important;margin-bottom: 50px !important;}&#8221; el_id=&#8221;service1&#8243;][vc_column [&hellip;]<\/p>\n","protected":false},"author":1,"featured_media":0,"parent":0,"menu_order":0,"comment_status":"closed","ping_status":"closed","template":"page-vc.php","meta":{"footnotes":""},"class_list":["post-5118","page","type-page","status-publish","hentry"],"aioseo_notices":[],"_links":{"self":[{"href":"https:\/\/herpitextile.com\/tr\/wp-json\/wp\/v2\/pages\/5118","targetHints":{"allow":["GET"]}}],"collection":[{"href":"https:\/\/herpitextile.com\/tr\/wp-json\/wp\/v2\/pages"}],"about":[{"href":"https:\/\/herpitextile.com\/tr\/wp-json\/wp\/v2\/types\/page"}],"author":[{"embeddable":true,"href":"https:\/\/herpitextile.com\/tr\/wp-json\/wp\/v2\/users\/1"}],"replies":[{"embeddable":true,"href":"https:\/\/herpitextile.com\/tr\/wp-json\/wp\/v2\/comments?post=5118"}],"version-history":[{"count":6,"href":"https:\/\/herpitextile.com\/tr\/wp-json\/wp\/v2\/pages\/5118\/revisions"}],"predecessor-version":[{"id":5242,"href":"https:\/\/herpitextile.com\/tr\/wp-json\/wp\/v2\/pages\/5118\/revisions\/5242"}],"wp:attachment":[{"href":"https:\/\/herpitextile.com\/tr\/wp-json\/wp\/v2\/media?parent=5118"}],"curies":[{"name":"wp","href":"https:\/\/api.w.org\/{rel}","templated":true}]}}